{"id":8580,"date":"2017-03-07T13:53:11","date_gmt":"2017-03-07T13:53:11","guid":{"rendered":"http:\/\/baker.edge-themes.com\/?page_id=8580"},"modified":"2024-03-17T11:53:07","modified_gmt":"2024-03-17T11:53:07","slug":"about-me","status":"publish","type":"page","link":"https:\/\/infermento.es\/?page_id=8580","title":{"rendered":"In Fermento"},"content":{"rendered":"<section class=\"wpb-content-wrapper\"><p>[vc_row css=\u00bb.vc_custom_1488536699571{padding-top: 70px !important;padding-bottom: 6px !important;}\u00bb][vc_column][vc_row_inner row_content_width=\u00bbgrid\u00bb][vc_column_inner offset=\u00bbvc_col-lg-6 vc_col-md-12&#8243;]<div class=\"edgtf-elements-holder edgtf-one-column edgtf-responsive-mode-768\" ><div class=\"edgtf-eh-item \"  data-item-class=\"edgtf-eh-custom-961222\" data-1024-1280=\"34px 8% 50px 0%\" data-768-1024=\"0 25% 74px 0%\" data-600-768=\"0 12% 74px 0%\" data-480-600=\"1px 0% 72px 0%\" data-480=\"1px 0% 72px 0%\">\n\t<div class=\"edgtf-eh-item-inner\">\n\t\t<div class=\"edgtf-eh-item-content edgtf-eh-custom-961222\" style=\"padding: 34px 10% 50px 0%\">\n\t\t\t<div class=\"edgtf-section-title-holder\" style=\"text-align: left\">\n\t\t\t\t\t<h2 class=\"edgtf-st-title\" style=\"color: #303030;font-weight: 600;letter-spacing: 3px\">\n\t\t\t<span>\u201cUn pan lento es un pan sano\u201d.<\/span>\n\t\t<\/h2>\n\t\t<\/div>[vc_empty_space height=\u00bb19px\u00bb][vc_column_text]<span style=\"color: #666666; font-size: 14px; line-height: 27px; font-weight: 300;\">Ornella Castielli : Bi\u00f3loga y bioqu\u00edmica, experta en nutrici\u00f3n hol\u00edstica. Master en panificaci\u00f3n con el maestro P. Giorilli y alumna del campe\u00f3n mundial y europeo de panificaci\u00f3n Ezio Marinato.<br \/>\n<\/span>[\/vc_column_text][vc_empty_space height=\u00bb31px\u00bb][vc_single_image image=\u00bb6573&#8243; img_size=\u00bbfull\u00bb]\t\t<\/div>\n\t<\/div>\n<\/div><\/div>[\/vc_column_inner][vc_column_inner offset=\u00bbvc_col-lg-6 vc_col-md-12 vc_col-xs-12&#8243;]<div class=\"edgtf-elements-holder edgtf-one-column edgtf-responsive-mode-768\" ><div class=\"edgtf-eh-item edgtf-horizontal-alignment-center\"  data-item-class=\"edgtf-eh-custom-822504\" data-768-1024=\"51px 0 74px 0\" data-480-600=\"51px 0 75px 0\" data-480=\"51px 0 75px 0\">\n\t<div class=\"edgtf-eh-item-inner\">\n\t\t<div class=\"edgtf-eh-item-content edgtf-eh-custom-822504\" style=\"padding: 44px 0 25px 0\">\n\t\t\t[vc_single_image image=\u00bb11411&#8243; img_size=\u00bbfull\u00bb alignment=\u00bbright\u00bb onclick=\u00bbcustom_link\u00bb link=\u00bb#\u00bb]\t\t<\/div>\n\t<\/div>\n<\/div><\/div>[\/vc_column_inner][\/vc_row_inner][\/vc_column][\/vc_row][vc_row row_content_width=\u00bbgrid\u00bb css=\u00bb.vc_custom_1490865294918{padding-bottom: 42px !important;}\u00bb][vc_column width=\u00bb1\/2&#8243; offset=\u00bbvc_col-lg-3 vc_col-md-3&#8243;][vc_single_image image=\u00bb8590&#8243; img_size=\u00bbfull\u00bb][vc_empty_space height=\u00bb50px\u00bb][\/vc_column][vc_column width=\u00bb1\/2&#8243; offset=\u00bbvc_col-lg-3 vc_col-md-3&#8243;][vc_single_image image=\u00bb8591&#8243; img_size=\u00bbfull\u00bb][vc_empty_space height=\u00bb50px\u00bb][\/vc_column][vc_column width=\u00bb1\/2&#8243; offset=\u00bbvc_col-lg-3 vc_col-md-3&#8243;][vc_single_image image=\u00bb8592&#8243; img_size=\u00bbfull\u00bb][vc_empty_space height=\u00bb50px\u00bb][\/vc_column][vc_column width=\u00bb1\/2&#8243; offset=\u00bbvc_col-lg-3 vc_col-md-3&#8243;][vc_single_image image=\u00bb8593&#8243; img_size=\u00bbfull\u00bb][vc_empty_space height=\u00bb50px\u00bb][\/vc_column][\/vc_row][vc_row css=\u00bb.vc_custom_1488900356387{padding-top: 22px !important;padding-bottom: 55px !important;}\u00bb][vc_column]<div class=\"edgtf-parallax-holder edgtf-vertical-middle-align edgtf-disabled-parallax-on-touch\" data-parallax-speed=\"1\" style=\"background-image: url(https:\/\/infermento.es\/wp-content\/uploads\/2017\/03\/about-me-parallax.jpg);min-height: 160px;height: 160px\">\n\t<div class=\"edgtf-parallax-inner\">\n\t\t[vc_row_inner row_content_width=\u00bbgrid\u00bb][vc_column_inner][vc_empty_space height=\u00bb50px\u00bb]<div class=\"edgtf-call-to-action-holder  edgtf-normal-layout edgtf-two-thirds-columns\">\n\t<div class=\"edgtf-cta-inner \">\n\t\t<div class=\"edgtf-cta-text-holder\">\n\t\t\t<div class=\"edgtf-cta-text\"><span style=\"color: #ffffff; font-size: 20px; line-height: 29px; font-weight: 300;\">Lorem ipsum dolor sit amet, consectetuer adipiscing elit, sed diam nonummy<\/span><\/div>\n\t\t<\/div>\n\t\t<div class=\"edgtf-cta-button-holder\" >\n\t\t\t<div class=\"edgtf-cta-button\"><a itemprop=\"url\" href=\"#\" target=\"_blank\" style=\"color: #333333;background-color: #ffffff;border-color: #ffffff\" class=\"edgtf-btn edgtf-btn-medium edgtf-btn-solid\"  >    <span class=\"edgtf-btn-text\">read more<\/span>    <\/a><\/div>\n\t\t<\/div>\n\t<\/div>\n<\/div>[vc_empty_space height=\u00bb50px\u00bb][\/vc_column_inner][\/vc_row_inner]\t<\/div>\n<\/div>\n[\/vc_column][\/vc_row][vc_row row_content_width=\u00bbgrid\u00bb css=\u00bb.vc_custom_1490866376814{padding-top: 16px !important;padding-right: 0px !important;padding-bottom: 77px !important;padding-left: 0px !important;}\u00bb][vc_column]<div class=\"edgtf-elements-holder edgtf-two-columns edgtf-responsive-mode-1024\" ><div class=\"edgtf-eh-item \"  data-item-class=\"edgtf-eh-custom-900076\" data-1280-1600=\"35px 12% 70px 0%\" data-1024-1280=\"44px 12% 70px 0%\" data-768-1024=\"33px 12% 131px 0%\" data-480-600=\"45px 0% 140px 0%\" data-480=\"45px 0% 140px 0%\">\n\t<div class=\"edgtf-eh-item-inner\">\n\t\t<div class=\"edgtf-eh-item-content edgtf-eh-custom-900076\" style=\"padding: 45px 12% 70px 0%\">\n\t\t\t<div class=\"edgtf-section-title-holder\" >\n\t\t\t\t\t<h2 class=\"edgtf-st-title\" style=\"color: #303030;font-weight: 600\">\n\t\t\t<span>GET IN TOUCH<\/span>\n\t\t<\/h2>\n\t\t\t\t<p class=\"edgtf-st-text\" style=\"color: #666666;font-size: 16.05px;line-height: 30.09px;font-weight: 300;margin-top: 26px\">Lorem ipsum dolor sit amet, consectetuer adipiscing elit, sed tincidunt ut laoreet dolore magna aliquam erat volutpat lorem<\/p>\n\t<\/div>[vc_empty_space height=\u00bb16px\u00bb][vc_column_text]<span style=\"color: #666666; font-size: 14px; line-height: 27px; font-weight: 300;\">Edge Themes give you everything you need to create an amazing website. Designed and built with care, filled with creative elements and useful options, and completely user-friendly. Set up your website quickly and with ease.Tons of shortcodes provide.<\/span>[\/vc_column_text][vc_empty_space height=\u00bb42px\u00bb]<a itemprop=\"url\" href=\"#\" target=\"_blank\" style=\"color: #ffffff;background-color: #333333;margin: 0 3% 17px 0\" class=\"edgtf-btn edgtf-btn-medium edgtf-btn-solid\"  >\n    <span class=\"edgtf-btn-text\">Check out<\/span>\n    <\/a><a itemprop=\"url\" href=\"#\" target=\"_blank\" style=\"color: #333333;background-color: #ffffff;border-color: #cccccc;margin: 0 0 17px 0\" class=\"edgtf-btn edgtf-btn-medium edgtf-btn-solid\"  >\n    <span class=\"edgtf-btn-text\">Read more<\/span>\n    <\/a>\t\t<\/div>\n\t<\/div>\n<\/div><div class=\"edgtf-eh-item \"  data-item-class=\"edgtf-eh-custom-858106\" data-768-1024=\"5px 0% 54px 0\" data-480-600=\"5px 0% 65px 0\" data-480=\"5px 0% 65px 0\">\n\t<div class=\"edgtf-eh-item-inner\">\n\t\t<div class=\"edgtf-eh-item-content edgtf-eh-custom-858106\" style=\"padding: 5px 0% 0 0\">\n\t\t\t<div class=\"edgtf-google-map-holder\">\n\t<div class=\"edgtf-google-map\" id=\"edgtf-map-2571471\" data-addresses='[\"1 Austin Terrace, Toronto, ON M5R 1X8,\"]' data-custom-map-style=yes data-color-overlay=#393939 data-saturation=-100 data-lightness=50 data-zoom=12 data-pin=https:\/\/infermento.es\/wp-content\/uploads\/2017\/03\/pin.png data-unique-id=2571471 data-scroll-wheel=no data-height=390 data-location-map=yes   ><\/div>\n\t\t\t<div class=\"edgtf-google-map-overlay\"><\/div>\n\t<\/div>\n\t\t<\/div>\n\t<\/div>\n<\/div><\/div>[\/vc_column][\/vc_row]<\/p>\n<\/section>","protected":false},"excerpt":{"rendered":"<p>[vc_row css=\u00bb.vc_custom_1488536699571{padding-top: 70px !important;padding-bottom: 6px !important;}\u00bb][vc_column][vc_row_inner row_content_width=\u00bbgrid\u00bb][vc_column_inner offset=\u00bbvc_col-lg-6 vc_col-md-12&#8243;][\/vc_column_inner][vc_column_inner offset=\u00bbvc_col-lg-6 vc_col-md-12 vc_col-xs-12&#8243;][\/vc_column_inner][\/vc_row_inner][\/vc_column][\/vc_row][vc_row row_content_width=\u00bbgrid\u00bb css=\u00bb.vc_custom_1490865294918{padding-bottom: 42px !important;}\u00bb][vc_column width=\u00bb1\/2&#8243; offset=\u00bbvc_col-lg-3 vc_col-md-3&#8243;][vc_single_image image=\u00bb8590&#8243; img_size=\u00bbfull\u00bb][vc_empty_space height=\u00bb50px\u00bb][\/vc_column][vc_column width=\u00bb1\/2&#8243; offset=\u00bbvc_col-lg-3 vc_col-md-3&#8243;][vc_single_image image=\u00bb8591&#8243; img_size=\u00bbfull\u00bb][vc_empty_space height=\u00bb50px\u00bb][\/vc_column][vc_column width=\u00bb1\/2&#8243; offset=\u00bbvc_col-lg-3 vc_col-md-3&#8243;][vc_single_image image=\u00bb8592&#8243; img_size=\u00bbfull\u00bb][vc_empty_space height=\u00bb50px\u00bb][\/vc_column][vc_column width=\u00bb1\/2&#8243; offset=\u00bbvc_col-lg-3 vc_col-md-3&#8243;][vc_single_image image=\u00bb8593&#8243; img_size=\u00bbfull\u00bb][vc_empty_space height=\u00bb50px\u00bb][\/vc_column][\/vc_row][vc_row [&hellip;]<\/p>\n","protected":false},"author":1,"featured_media":0,"parent":0,"menu_order":0,"comment_status":"closed","ping_status":"closed","template":"full-width.php","meta":{"footnotes":""},"class_list":["post-8580","page","type-page","status-publish","hentry"],"_links":{"self":[{"href":"https:\/\/infermento.es\/index.php?rest_route=\/wp\/v2\/pages\/8580","targetHints":{"allow":["GET"]}}],"collection":[{"href":"https:\/\/infermento.es\/index.php?rest_route=\/wp\/v2\/pages"}],"about":[{"href":"https:\/\/infermento.es\/index.php?rest_route=\/wp\/v2\/types\/page"}],"author":[{"embeddable":true,"href":"https:\/\/infermento.es\/index.php?rest_route=\/wp\/v2\/users\/1"}],"replies":[{"embeddable":true,"href":"https:\/\/infermento.es\/index.php?rest_route=%2Fwp%2Fv2%2Fcomments&post=8580"}],"version-history":[{"count":5,"href":"https:\/\/infermento.es\/index.php?rest_route=\/wp\/v2\/pages\/8580\/revisions"}],"predecessor-version":[{"id":11416,"href":"https:\/\/infermento.es\/index.php?rest_route=\/wp\/v2\/pages\/8580\/revisions\/11416"}],"wp:attachment":[{"href":"https:\/\/infermento.es\/index.php?rest_route=%2Fwp%2Fv2%2Fmedia&parent=8580"}],"curies":[{"name":"wp","href":"https:\/\/api.w.org\/{rel}","templated":true}]}}